{"id":2862,"date":"2020-08-02T23:04:00","date_gmt":"2020-08-02T21:04:00","guid":{"rendered":"http:\/\/www.liveconsent.com\/conformidad\/"},"modified":"2021-08-11T00:02:14","modified_gmt":"2021-08-10T22:02:14","slug":"conformidad","status":"publish","type":"page","link":"https:\/\/liveconsent.123boost.com\/es\/conformidad\/","title":{"rendered":"Conformidad"},"content":{"rendered":"<p>[et_pb_section fb_built=&#8221;1&#8243; _builder_version=&#8221;4.9.10&#8243; _module_preset=&#8221;default&#8221; use_background_color_gradient=&#8221;on&#8221; background_color_gradient_start=&#8221;#eeeeee&#8221; background_color_gradient_end=&#8221;rgba(222,230,200,0.45)&#8221; custom_padding=&#8221;0px||||false|false&#8221; bottom_divider_style=&#8221;wave2&#8243; bottom_divider_color=&#8221;#faf9ff&#8221; bottom_divider_flip=&#8221;horizontal&#8221; da_disable_devices=&#8221;off|off|off&#8221; locked=&#8221;off&#8221; da_is_popup=&#8221;off&#8221; da_exit_intent=&#8221;off&#8221; da_has_close=&#8221;on&#8221; da_alt_close=&#8221;off&#8221; da_dark_close=&#8221;off&#8221; da_not_modal=&#8221;on&#8221; da_is_singular=&#8221;off&#8221; da_with_loader=&#8221;off&#8221; da_has_shadow=&#8221;on&#8221;][et_pb_row _builder_version=&#8221;4.9.10&#8243; _module_preset=&#8221;default&#8221; custom_margin=&#8221;||||false|false&#8221; custom_padding=&#8221;75px||100px||false|false&#8221;][et_pb_column type=&#8221;4_4&#8243; _builder_version=&#8221;4.9.7&#8243; _module_preset=&#8221;default&#8221;][et_pb_text _builder_version=&#8221;4.9.10&#8243; _module_preset=&#8221;default&#8221; text_font=&#8221;Open Sans||||||||&#8221; text_text_color=&#8221;#25436d&#8221; text_font_size=&#8221;17px&#8221; header_font=&#8221;Open Sans|300|||||||&#8221; header_text_align=&#8221;center&#8221; header_text_color=&#8221;#3f608e&#8221; header_font_size=&#8221;56px&#8221; header_2_font=&#8221;|300|||||||&#8221; header_2_text_color=&#8221;#25436D&#8221; header_2_font_size=&#8221;30px&#8221; header_2_line_height=&#8221;1.4em&#8221; text_orientation=&#8221;center&#8221; hover_enabled=&#8221;0&#8243; header_text_align_tablet=&#8221;left&#8221; header_text_align_phone=&#8221;&#8221; header_text_align_last_edited=&#8221;on|desktop&#8221; header_font_size_tablet=&#8221;38px&#8221; header_font_size_phone=&#8221;32px&#8221; header_font_size_last_edited=&#8221;on|desktop&#8221; header_2_font_size_tablet=&#8221;24px&#8221; header_2_font_size_phone=&#8221;20px&#8221; header_2_font_size_last_edited=&#8221;on|phone&#8221; header_2_line_height_tablet=&#8221;1.5em&#8221; header_2_line_height_phone=&#8221;&#8221; header_2_line_height_last_edited=&#8221;on|tablet&#8221; text_orientation_tablet=&#8221;left&#8221; text_orientation_phone=&#8221;&#8221; text_orientation_last_edited=&#8221;on|tablet&#8221; sticky_enabled=&#8221;0&#8243;]<\/p>\n<h1> Conformidad <\/h1>\n<h2>Un tema que nos toca al coraz\u00f3n<\/h2>\n<p>[\/et_pb_text][\/et_pb_column][\/et_pb_row][\/et_pb_section][et_pb_section fb_built=&#8221;1&#8243; next_background_color=&#8221;#ffffff&#8221; _builder_version=&#8221;4.9.10&#8243; _module_preset=&#8221;default&#8221; background_color=&#8221;#faf9ff&#8221; custom_padding=&#8221;||100px||false|false&#8221; bottom_divider_style=&#8221;wave2&#8243; bottom_divider_height=&#8221;60px&#8221; bottom_divider_flip=&#8221;horizontal&#8221; bottom_divider_height_tablet=&#8221;&#8221; bottom_divider_height_phone=&#8221;&#8221; bottom_divider_height_last_edited=&#8221;on|tablet&#8221; da_disable_devices=&#8221;off|off|off&#8221; da_is_popup=&#8221;off&#8221; da_exit_intent=&#8221;off&#8221; da_has_close=&#8221;on&#8221; da_alt_close=&#8221;off&#8221; da_dark_close=&#8221;off&#8221; da_not_modal=&#8221;on&#8221; da_is_singular=&#8221;off&#8221; da_with_loader=&#8221;off&#8221; da_has_shadow=&#8221;on&#8221;][et_pb_row _builder_version=&#8221;4.9.10&#8243; _module_preset=&#8221;default&#8221; width=&#8221;70%&#8221;][et_pb_column type=&#8221;4_4&#8243; _builder_version=&#8221;4.9.7&#8243; _module_preset=&#8221;default&#8221;][et_pb_text quote_border_weight=&#8221;3px&#8221; quote_border_color=&#8221;#7C9048&#8243; _builder_version=&#8221;4.9.10&#8243; _module_preset=&#8221;default&#8221; text_font=&#8221;||||||||&#8221; text_text_color=&#8221;#3F608E&#8221; text_font_size=&#8221;17px&#8221; quote_font=&#8221;Open Sans||||||||&#8221; quote_font_size=&#8221;20px&#8221; hover_enabled=&#8221;0&#8243; sticky_enabled=&#8221;0&#8243;]<\/p>\n<blockquote><p>La seguridad de sus documentos y datos es nuestra m\u00e1xima prioridad. Todos los d\u00edas nos esforzamos por cumplir con los est\u00e1ndares y regulaciones m\u00e1s estrictos.\n<\/p><\/blockquote>\n<p>[\/et_pb_text][\/et_pb_column][\/et_pb_row][et_pb_row column_structure=&#8221;2_3,1_3&#8243; _builder_version=&#8221;4.9.10&#8243; _module_preset=&#8221;default&#8221; custom_css_main_element=&#8221;display: flex !important;||align-items: center !important;&#8221; custom_css_main_element_last_edited=&#8221;on|tablet&#8221; custom_css_main_element_tablet=&#8221;display: block !important;&#8221;][et_pb_column type=&#8221;2_3&#8243; _builder_version=&#8221;4.9.10&#8243; _module_preset=&#8221;default&#8221;][et_pb_text _builder_version=&#8221;4.9.10&#8243; _module_preset=&#8221;default&#8221; text_font=&#8221;||||||||&#8221; text_text_color=&#8221;#3F608E&#8221; text_font_size=&#8221;16px&#8221; link_text_color=&#8221;#7C9048&#8243; header_3_font=&#8221;Work Sans|300|||||||&#8221; header_3_text_align=&#8221;left&#8221; header_3_text_color=&#8221;#3F608E&#8221; header_3_font_size=&#8221;44px&#8221; hover_enabled=&#8221;0&#8243; header_3_text_align_tablet=&#8221;left&#8221; header_3_text_align_phone=&#8221;&#8221; header_3_text_align_last_edited=&#8221;on|tablet&#8221; header_3_font_size_tablet=&#8221;40px&#8221; header_3_font_size_phone=&#8221;30px&#8221; header_3_font_size_last_edited=&#8221;on|desktop&#8221; text_orientation_tablet=&#8221;left&#8221; text_orientation_phone=&#8221;&#8221; text_orientation_last_edited=&#8221;on|desktop&#8221; sticky_enabled=&#8221;0&#8243;]<\/p>\n<h3>RGPD<\/h3>\n<p>Desde el 25 de mayo de 2018, el Reglamento General de Protecci\u00f3n de Datos o RGPD est\u00e1 en vigor en todos los Estados miembros de la Uni\u00f3n Europea.<\/p>\n<p>La Directiva europea de protecci\u00f3n de datos es aplicable a todas las empresas que procesan <strong>datos personales<\/strong> de <strong>ciudadanos de la UE<\/strong> (es decir, todos los datos que permiten identificar a una persona).<\/p>\n<p>En el d\u00eda a d\u00eda, la organizaci\u00f3n y las soluciones t\u00e9cnicas que implementamos permiten que LiveConsent garantice el cumplimiento de los requisitos de cumplimiento de GDPR.<\/p>\n<p><a href=\"https:\/\/liveconsent.123boost.com\/es\/politica-de-privacidad\/\">M\u00e1s informaci\u00f3n<\/a><\/p>\n<p>[\/et_pb_text][\/et_pb_column][et_pb_column type=&#8221;1_3&#8243; disabled_on=&#8221;off|off|off&#8221; _builder_version=&#8221;4.9.10&#8243; _module_preset=&#8221;default&#8221;][et_pb_image src=&#8221;https:\/\/liveconsent.123boost.com\/wp-content\/uploads\/2020\/06\/FotoliaComp_202411642_qVL84FLIGaSzd5hyJChEIFwpS7eqacLH_NW40.jpg&#8221; title_text=&#8221;RGPD &#8211; Rglement Gnral de la Protection des Donnes&#8221; _builder_version=&#8221;4.9.10&#8243; _module_preset=&#8221;default&#8221; box_shadow_style=&#8221;preset2&#8243;][\/et_pb_image][\/et_pb_column][\/et_pb_row][\/et_pb_section][et_pb_section fb_built=&#8221;1&#8243; _builder_version=&#8221;4.9.10&#8243; _module_preset=&#8221;default&#8221; background_enable_color=&#8221;off&#8221; custom_padding=&#8221;||100px||false|false&#8221; bottom_divider_height=&#8221;60px&#8221; bottom_divider_flip=&#8221;horizontal&#8221; bottom_divider_height_tablet=&#8221;&#8221; bottom_divider_height_phone=&#8221;&#8221; bottom_divider_height_last_edited=&#8221;on|tablet&#8221; da_disable_devices=&#8221;off|off|off&#8221; da_is_popup=&#8221;off&#8221; da_exit_intent=&#8221;off&#8221; da_has_close=&#8221;on&#8221; da_alt_close=&#8221;off&#8221; da_dark_close=&#8221;off&#8221; da_not_modal=&#8221;on&#8221; da_is_singular=&#8221;off&#8221; da_with_loader=&#8221;off&#8221; da_has_shadow=&#8221;on&#8221;][et_pb_row column_structure=&#8221;2_3,1_3&#8243; _builder_version=&#8221;4.9.10&#8243; _module_preset=&#8221;default&#8221; custom_css_main_element=&#8221;display: flex !important;||align-items: center !important;&#8221; custom_css_main_element_last_edited=&#8221;on|tablet&#8221; custom_css_main_element_tablet=&#8221;display: block !important;&#8221;][et_pb_column type=&#8221;2_3&#8243; _builder_version=&#8221;4.9.10&#8243; _module_preset=&#8221;default&#8221;][et_pb_text _builder_version=&#8221;4.9.10&#8243; _module_preset=&#8221;default&#8221; text_font=&#8221;||||||||&#8221; text_text_color=&#8221;#3F608E&#8221; text_font_size=&#8221;16px&#8221; link_text_color=&#8221;#7C9048&#8243; header_3_font=&#8221;Work Sans|300|||||||&#8221; header_3_text_align=&#8221;left&#8221; header_3_text_color=&#8221;#3F608E&#8221; header_3_font_size=&#8221;44px&#8221; hover_enabled=&#8221;0&#8243; header_3_text_align_tablet=&#8221;left&#8221; header_3_text_align_phone=&#8221;&#8221; header_3_text_align_last_edited=&#8221;on|tablet&#8221; header_3_font_size_tablet=&#8221;40px&#8221; header_3_font_size_phone=&#8221;30px&#8221; header_3_font_size_last_edited=&#8221;on|desktop&#8221; text_orientation_tablet=&#8221;left&#8221; text_orientation_phone=&#8221;&#8221; text_orientation_last_edited=&#8221;on|desktop&#8221; sticky_enabled=&#8221;0&#8243;]<\/p>\n<h3>eIDAS<\/h3>\n<p>eIDAS es la abreviatura del Reglamento (UE) n.o 910\/2014 sobre identificaci\u00f3n electr\u00f3nica y servicios de confianza para transacciones electr\u00f3nicas en el mercado interior. Se trata de un reglamento europeo que entr\u00f3 en vigor el 1 de julio de 2016.<\/p>\n<p>LiveConsent es una soluci\u00f3n avanzada de firma electr\u00f3nica que cumple con la normativa eIDAS.<\/p>\n<p>Los documentos electr\u00f3nicos firmados a trav\u00e9s de LiveConsent son admisibles en los tribunales de la misma manera que sus equivalentes en papel.<\/p>\n<p><a href=\"https:\/\/eur-lex.europa.eu\/legal-content\/FR\/TXT\/?uri=celex%3A32014R0910\" target=\"_blank\" rel=\"noopener noreferrer\">M\u00e1s informaci\u00f3n<\/a>[\/et_pb_text][\/et_pb_column][et_pb_column type=&#8221;1_3&#8243; disabled_on=&#8221;off|off|off&#8221; _builder_version=&#8221;4.9.10&#8243; _module_preset=&#8221;default&#8221;][et_pb_image src=&#8221;https:\/\/liveconsent.123boost.com\/wp-content\/uploads\/2020\/06\/logo-eidas-sellandsign.png&#8221; title_text=&#8221;logo-eidas-sellandsign&#8221; _builder_version=&#8221;4.9.10&#8243; _module_preset=&#8221;default&#8221;][\/et_pb_image][\/et_pb_column][\/et_pb_row][\/et_pb_section][et_pb_section fb_built=&#8221;1&#8243; disabled_on=&#8221;on|on|off&#8221; _builder_version=&#8221;4.9.10&#8243; _module_preset=&#8221;default&#8221; background_color=&#8221;#faf9ff&#8221; custom_margin=&#8221;||||false|false&#8221; custom_padding=&#8221;10px||10px||true|false&#8221; top_divider_style=&#8221;wave2&#8243; top_divider_color=&#8221;#ffffff&#8221; top_divider_height=&#8221;60px&#8221; bottom_divider_style=&#8221;wave2&#8243; bottom_divider_color=&#8221;#3F608E&#8221; bottom_divider_height=&#8221;60px&#8221; da_disable_devices=&#8221;off|off|off&#8221; da_is_popup=&#8221;off&#8221; da_exit_intent=&#8221;off&#8221; da_has_close=&#8221;on&#8221; da_alt_close=&#8221;off&#8221; da_dark_close=&#8221;off&#8221; da_not_modal=&#8221;on&#8221; da_is_singular=&#8221;off&#8221; da_with_loader=&#8221;off&#8221; da_has_shadow=&#8221;on&#8221;][et_pb_row column_structure=&#8221;2_3,1_3&#8243; _builder_version=&#8221;4.9.10&#8243; _module_preset=&#8221;default&#8221; width=&#8221;90%&#8221; custom_margin=&#8221;50px||100px||false|false&#8221; custom_padding=&#8221;||||true|false&#8221; custom_css_main_element=&#8221;display: flex !important;||align-items: center !important;&#8221;][et_pb_column type=&#8221;2_3&#8243; _builder_version=&#8221;4.9.7&#8243; _module_preset=&#8221;default&#8221;][et_pb_text _builder_version=&#8221;4.9.10&#8243; _module_preset=&#8221;96505f29-1946-4276-887b-9d5c77dff02d&#8221; text_text_color=&#8221;#3F608E&#8221; hover_enabled=&#8221;0&#8243; sticky_enabled=&#8221;0&#8243;]\u00bfQuieres conocer m\u00e1s?[\/et_pb_text][\/et_pb_column][et_pb_column type=&#8221;1_3&#8243; _builder_version=&#8221;4.9.7&#8243; _module_preset=&#8221;default&#8221;][et_pb_button button_url=&#8221;\/es\/contacto\/#formulaire-contact&#8221; button_text=&#8221;Cont\u00e1ctenos&#8221; button_alignment=&#8221;right&#8221; _builder_version=&#8221;4.9.10&#8243; _module_preset=&#8221;default&#8221; custom_button=&#8221;on&#8221; button_text_size=&#8221;18px&#8221; button_text_color=&#8221;#FFFFFF&#8221; button_bg_color=&#8221;#7c9048&#8243; button_border_width=&#8221;0px&#8221; button_border_radius=&#8221;5px&#8221; button_font=&#8221;Work Sans||||||||&#8221; button_use_icon=&#8221;off&#8221; hover_enabled=&#8221;0&#8243; box_shadow_style=&#8221;preset2&#8243; button_bg_color__hover_enabled=&#8221;on|hover&#8221; button_bg_color__hover=&#8221;#b9c890&#8243; button_bg_enable_color__hover=&#8221;on&#8221; button_text_color__hover_enabled=&#8221;on|hover&#8221; button_text_color__hover=&#8221;#000000&#8243; sticky_enabled=&#8221;0&#8243;][\/et_pb_button][\/et_pb_column][\/et_pb_row][\/et_pb_section][et_pb_section fb_built=&#8221;1&#8243; disabled_on=&#8221;off|off|on&#8221; _builder_version=&#8221;4.9.10&#8243; _module_preset=&#8221;default&#8221; background_color=&#8221;#faf9ff&#8221; custom_margin=&#8221;||||false|false&#8221; custom_padding=&#8221;10px||10px||true|false&#8221; top_divider_style=&#8221;wave2&#8243; top_divider_color=&#8221;#faf9ff&#8221; top_divider_height=&#8221;30px&#8221; bottom_divider_style=&#8221;wave2&#8243; bottom_divider_color=&#8221;#3F608E&#8221; bottom_divider_height=&#8221;30px&#8221; da_disable_devices=&#8221;off|off|off&#8221; da_is_popup=&#8221;off&#8221; da_exit_intent=&#8221;off&#8221; da_has_close=&#8221;on&#8221; da_alt_close=&#8221;off&#8221; da_dark_close=&#8221;off&#8221; da_not_modal=&#8221;on&#8221; da_is_singular=&#8221;off&#8221; da_with_loader=&#8221;off&#8221; da_has_shadow=&#8221;on&#8221;][et_pb_row _builder_version=&#8221;4.9.7&#8243; _module_preset=&#8221;default&#8221; width=&#8221;90%&#8221; custom_css_main_element=&#8221;display: flex !important;||align-items: center !important;&#8221;][et_pb_column type=&#8221;4_4&#8243; _builder_version=&#8221;4.9.7&#8243; _module_preset=&#8221;default&#8221;][et_pb_text _builder_version=&#8221;4.9.10&#8243; _module_preset=&#8221;96505f29-1946-4276-887b-9d5c77dff02d&#8221; text_text_color=&#8221;#3F608E&#8221; hover_enabled=&#8221;0&#8243; sticky_enabled=&#8221;0&#8243;]\u00bfQuieres conocer m\u00e1s?[\/et_pb_text][et_pb_button button_url=&#8221;\/es\/contacto\/#formulaire-contact&#8221; button_text=&#8221;Cont\u00e1ctenos&#8221; button_alignment=&#8221;right&#8221; _builder_version=&#8221;4.9.10&#8243; _module_preset=&#8221;default&#8221; custom_button=&#8221;on&#8221; button_text_size=&#8221;18px&#8221; button_text_color=&#8221;#FFFFFF&#8221; button_bg_color=&#8221;#7c9048&#8243; button_border_width=&#8221;0px&#8221; button_border_radius=&#8221;5px&#8221; button_font=&#8221;Work Sans||||||||&#8221; button_use_icon=&#8221;off&#8221; hover_enabled=&#8221;0&#8243; box_shadow_style=&#8221;preset2&#8243; button_bg_color__hover_enabled=&#8221;on|hover&#8221; button_bg_color__hover=&#8221;#b9c890&#8243; button_bg_enable_color__hover=&#8221;on&#8221; button_text_color__hover_enabled=&#8221;on|hover&#8221; button_text_color__hover=&#8221;#000000&#8243; sticky_enabled=&#8221;0&#8243;][\/et_pb_button][\/et_pb_column][\/et_pb_row][\/et_pb_section]<\/p>\n","protected":false},"excerpt":{"rendered":"<p>Conformidad Un tema que nos toca al coraz\u00f3nLa seguridad de sus documentos y datos es nuestra m\u00e1xima prioridad. Todos los d\u00edas nos esforzamos por cumplir con los est\u00e1ndares y regulaciones m\u00e1s estrictos. RGPD Desde el 25 de mayo de 2018, el Reglamento General de Protecci\u00f3n de Datos o RGPD est\u00e1 en vigor en todos los [&hellip;]<\/p>\n","protected":false},"author":1,"featured_media":9343,"parent":0,"menu_order":0,"comment_status":"closed","ping_status":"closed","template":"","meta":{"_et_pb_use_builder":"on","_et_pb_old_content":"","_et_gb_content_width":"","footnotes":""},"class_list":["post-2862","page","type-page","status-publish","has-post-thumbnail","hentry"],"yoast_head":"<!-- This site is optimized with the Yoast SEO plugin v25.8 - https:\/\/yoast.com\/wordpress\/plugins\/seo\/ -->\n<title>\u00a1En LiveConsent, el cumplimiento es un tema que nos importa!<\/title>\n<meta name=\"description\" content=\"Sus datos son nuestra prioridad: cada d\u00eda nos esforzamos por cumplir con los m\u00e1s altos est\u00e1ndares y normativas.\" \/>\n<meta name=\"robots\" content=\"noindex, follow, max-snippet:-1, max-image-preview:large, max-video-preview:-1\" \/>\n<meta property=\"og:locale\" content=\"es_ES\" \/>\n<meta property=\"og:type\" content=\"article\" \/>\n<meta property=\"og:title\" content=\"\u00a1En LiveConsent, el cumplimiento es un tema que nos importa!\" \/>\n<meta property=\"og:description\" content=\"Sus datos son nuestra prioridad: cada d\u00eda nos esforzamos por cumplir con los m\u00e1s altos est\u00e1ndares y normativas.\" \/>\n<meta property=\"og:url\" content=\"https:\/\/liveconsent.123boost.com\/es\/conformidad\/\" \/>\n<meta property=\"og:site_name\" content=\"LiveConsent\" \/>\n<meta property=\"article:modified_time\" content=\"2021-08-10T22:02:14+00:00\" \/>\n<meta property=\"og:image\" content=\"https:\/\/liveconsent.123boost.com\/wp-content\/uploads\/2022\/03\/side-view-of-businesswoman-using-smartphone-at-wor-2022-02-03-10-57-48-utc.jpg\" \/>\n\t<meta property=\"og:image:width\" content=\"1200\" \/>\n\t<meta property=\"og:image:height\" content=\"801\" \/>\n\t<meta property=\"og:image:type\" content=\"image\/jpeg\" \/>\n<meta name=\"twitter:card\" content=\"summary_large_image\" \/>\n<meta name=\"twitter:label1\" content=\"Tiempo de lectura\" \/>\n\t<meta name=\"twitter:data1\" content=\"8 minutos\" \/>\n<script type=\"application\/ld+json\" class=\"yoast-schema-graph\">{\"@context\":\"https:\/\/schema.org\",\"@graph\":[{\"@type\":\"WebPage\",\"@id\":\"https:\/\/liveconsent.123boost.com\/es\/conformidad\/\",\"url\":\"https:\/\/liveconsent.123boost.com\/es\/conformidad\/\",\"name\":\"\u00a1En LiveConsent, el cumplimiento es un tema que nos importa!\",\"isPartOf\":{\"@id\":\"https:\/\/liveconsent.123boost.com\/es\/#website\"},\"primaryImageOfPage\":{\"@id\":\"https:\/\/liveconsent.123boost.com\/es\/conformidad\/#primaryimage\"},\"image\":{\"@id\":\"https:\/\/liveconsent.123boost.com\/es\/conformidad\/#primaryimage\"},\"thumbnailUrl\":\"https:\/\/liveconsent.123boost.com\/wp-content\/uploads\/2022\/03\/side-view-of-businesswoman-using-smartphone-at-wor-2022-02-03-10-57-48-utc.jpg\",\"datePublished\":\"2020-08-02T21:04:00+00:00\",\"dateModified\":\"2021-08-10T22:02:14+00:00\",\"description\":\"Sus datos son nuestra prioridad: cada d\u00eda nos esforzamos por cumplir con los m\u00e1s altos est\u00e1ndares y normativas.\",\"breadcrumb\":{\"@id\":\"https:\/\/liveconsent.123boost.com\/es\/conformidad\/#breadcrumb\"},\"inLanguage\":\"es\",\"potentialAction\":[{\"@type\":\"ReadAction\",\"target\":[\"https:\/\/liveconsent.123boost.com\/es\/conformidad\/\"]}]},{\"@type\":\"ImageObject\",\"inLanguage\":\"es\",\"@id\":\"https:\/\/liveconsent.123boost.com\/es\/conformidad\/#primaryimage\",\"url\":\"https:\/\/liveconsent.123boost.com\/wp-content\/uploads\/2022\/03\/side-view-of-businesswoman-using-smartphone-at-wor-2022-02-03-10-57-48-utc.jpg\",\"contentUrl\":\"https:\/\/liveconsent.123boost.com\/wp-content\/uploads\/2022\/03\/side-view-of-businesswoman-using-smartphone-at-wor-2022-02-03-10-57-48-utc.jpg\",\"width\":1200,\"height\":801,\"caption\":\"side view of businesswoman using smartphone at workplace in office, gdpr cyber security concept\"},{\"@type\":\"BreadcrumbList\",\"@id\":\"https:\/\/liveconsent.123boost.com\/es\/conformidad\/#breadcrumb\",\"itemListElement\":[{\"@type\":\"ListItem\",\"position\":1,\"name\":\"Accueil\",\"item\":\"https:\/\/liveconsent.123boost.com\/es\/\"},{\"@type\":\"ListItem\",\"position\":2,\"name\":\"Conformidad\"}]},{\"@type\":\"WebSite\",\"@id\":\"https:\/\/liveconsent.123boost.com\/es\/#website\",\"url\":\"https:\/\/liveconsent.123boost.com\/es\/\",\"name\":\"LiveConsent\",\"description\":\"Signature \u00c9lectronique\",\"potentialAction\":[{\"@type\":\"SearchAction\",\"target\":{\"@type\":\"EntryPoint\",\"urlTemplate\":\"https:\/\/liveconsent.123boost.com\/es\/?s={search_term_string}\"},\"query-input\":{\"@type\":\"PropertyValueSpecification\",\"valueRequired\":true,\"valueName\":\"search_term_string\"}}],\"inLanguage\":\"es\"}]}<\/script>\n<!-- \/ Yoast SEO plugin. -->","yoast_head_json":{"title":"\u00a1En LiveConsent, el cumplimiento es un tema que nos importa!","description":"Sus datos son nuestra prioridad: cada d\u00eda nos esforzamos por cumplir con los m\u00e1s altos est\u00e1ndares y normativas.","robots":{"index":"noindex","follow":"follow","max-snippet":"max-snippet:-1","max-image-preview":"max-image-preview:large","max-video-preview":"max-video-preview:-1"},"og_locale":"es_ES","og_type":"article","og_title":"\u00a1En LiveConsent, el cumplimiento es un tema que nos importa!","og_description":"Sus datos son nuestra prioridad: cada d\u00eda nos esforzamos por cumplir con los m\u00e1s altos est\u00e1ndares y normativas.","og_url":"https:\/\/liveconsent.123boost.com\/es\/conformidad\/","og_site_name":"LiveConsent","article_modified_time":"2021-08-10T22:02:14+00:00","og_image":[{"width":1200,"height":801,"url":"https:\/\/liveconsent.123boost.com\/wp-content\/uploads\/2022\/03\/side-view-of-businesswoman-using-smartphone-at-wor-2022-02-03-10-57-48-utc.jpg","type":"image\/jpeg"}],"twitter_card":"summary_large_image","twitter_misc":{"Tiempo de lectura":"8 minutos"},"schema":{"@context":"https:\/\/schema.org","@graph":[{"@type":"WebPage","@id":"https:\/\/liveconsent.123boost.com\/es\/conformidad\/","url":"https:\/\/liveconsent.123boost.com\/es\/conformidad\/","name":"\u00a1En LiveConsent, el cumplimiento es un tema que nos importa!","isPartOf":{"@id":"https:\/\/liveconsent.123boost.com\/es\/#website"},"primaryImageOfPage":{"@id":"https:\/\/liveconsent.123boost.com\/es\/conformidad\/#primaryimage"},"image":{"@id":"https:\/\/liveconsent.123boost.com\/es\/conformidad\/#primaryimage"},"thumbnailUrl":"https:\/\/liveconsent.123boost.com\/wp-content\/uploads\/2022\/03\/side-view-of-businesswoman-using-smartphone-at-wor-2022-02-03-10-57-48-utc.jpg","datePublished":"2020-08-02T21:04:00+00:00","dateModified":"2021-08-10T22:02:14+00:00","description":"Sus datos son nuestra prioridad: cada d\u00eda nos esforzamos por cumplir con los m\u00e1s altos est\u00e1ndares y normativas.","breadcrumb":{"@id":"https:\/\/liveconsent.123boost.com\/es\/conformidad\/#breadcrumb"},"inLanguage":"es","potentialAction":[{"@type":"ReadAction","target":["https:\/\/liveconsent.123boost.com\/es\/conformidad\/"]}]},{"@type":"ImageObject","inLanguage":"es","@id":"https:\/\/liveconsent.123boost.com\/es\/conformidad\/#primaryimage","url":"https:\/\/liveconsent.123boost.com\/wp-content\/uploads\/2022\/03\/side-view-of-businesswoman-using-smartphone-at-wor-2022-02-03-10-57-48-utc.jpg","contentUrl":"https:\/\/liveconsent.123boost.com\/wp-content\/uploads\/2022\/03\/side-view-of-businesswoman-using-smartphone-at-wor-2022-02-03-10-57-48-utc.jpg","width":1200,"height":801,"caption":"side view of businesswoman using smartphone at workplace in office, gdpr cyber security concept"},{"@type":"BreadcrumbList","@id":"https:\/\/liveconsent.123boost.com\/es\/conformidad\/#breadcrumb","itemListElement":[{"@type":"ListItem","position":1,"name":"Accueil","item":"https:\/\/liveconsent.123boost.com\/es\/"},{"@type":"ListItem","position":2,"name":"Conformidad"}]},{"@type":"WebSite","@id":"https:\/\/liveconsent.123boost.com\/es\/#website","url":"https:\/\/liveconsent.123boost.com\/es\/","name":"LiveConsent","description":"Signature \u00c9lectronique","potentialAction":[{"@type":"SearchAction","target":{"@type":"EntryPoint","urlTemplate":"https:\/\/liveconsent.123boost.com\/es\/?s={search_term_string}"},"query-input":{"@type":"PropertyValueSpecification","valueRequired":true,"valueName":"search_term_string"}}],"inLanguage":"es"}]}},"_links":{"self":[{"href":"https:\/\/liveconsent.123boost.com\/es\/wp-json\/wp\/v2\/pages\/2862","targetHints":{"allow":["GET"]}}],"collection":[{"href":"https:\/\/liveconsent.123boost.com\/es\/wp-json\/wp\/v2\/pages"}],"about":[{"href":"https:\/\/liveconsent.123boost.com\/es\/wp-json\/wp\/v2\/types\/page"}],"author":[{"embeddable":true,"href":"https:\/\/liveconsent.123boost.com\/es\/wp-json\/wp\/v2\/users\/1"}],"replies":[{"embeddable":true,"href":"https:\/\/liveconsent.123boost.com\/es\/wp-json\/wp\/v2\/comments?post=2862"}],"version-history":[{"count":13,"href":"https:\/\/liveconsent.123boost.com\/es\/wp-json\/wp\/v2\/pages\/2862\/revisions"}],"predecessor-version":[{"id":7254,"href":"https:\/\/liveconsent.123boost.com\/es\/wp-json\/wp\/v2\/pages\/2862\/revisions\/7254"}],"wp:featuredmedia":[{"embeddable":true,"href":"https:\/\/liveconsent.123boost.com\/es\/wp-json\/wp\/v2\/media\/9343"}],"wp:attachment":[{"href":"https:\/\/liveconsent.123boost.com\/es\/wp-json\/wp\/v2\/media?parent=2862"}],"curies":[{"name":"wp","href":"https:\/\/api.w.org\/{rel}","templated":true}]}}