{"id":3295,"date":"2020-09-20T18:43:25","date_gmt":"2020-09-20T16:43:25","guid":{"rendered":"http:\/\/www.liveconsent.com\/conformitate\/"},"modified":"2023-04-13T00:02:52","modified_gmt":"2023-04-12T22:02:52","slug":"conformitate","status":"publish","type":"page","link":"https:\/\/liveconsent.123boost.com\/ro\/conformitate\/","title":{"rendered":"Conformitate"},"content":{"rendered":"<p>[et_pb_section fb_built=&#8221;1&#8243; _builder_version=&#8221;4.16&#8243; _module_preset=&#8221;default&#8221; use_background_color_gradient=&#8221;on&#8221; background_color_gradient_stops=&#8221;#eeeeee 0%|rgba(222,230,200,0.45) 100%&#8221; background_color_gradient_start=&#8221;#eeeeee&#8221; background_color_gradient_end=&#8221;rgba(222,230,200,0.45)&#8221; custom_padding=&#8221;0px||||false|false&#8221; bottom_divider_style=&#8221;wave2&#8243; bottom_divider_color=&#8221;#faf9ff&#8221; bottom_divider_flip=&#8221;horizontal&#8221; da_disable_devices=&#8221;off|off|off&#8221; locked=&#8221;off&#8221; global_colors_info=&#8221;{}&#8221; da_is_popup=&#8221;off&#8221; da_exit_intent=&#8221;off&#8221; da_has_close=&#8221;on&#8221; da_alt_close=&#8221;off&#8221; da_dark_close=&#8221;off&#8221; da_not_modal=&#8221;on&#8221; da_is_singular=&#8221;off&#8221; da_with_loader=&#8221;off&#8221; da_has_shadow=&#8221;on&#8221;][et_pb_row _builder_version=&#8221;4.16&#8243; _module_preset=&#8221;default&#8221; custom_margin=&#8221;||||false|false&#8221; custom_padding=&#8221;75px||100px||false|false&#8221; global_colors_info=&#8221;{}&#8221;][et_pb_column type=&#8221;4_4&#8243; _builder_version=&#8221;4.16&#8243; _module_preset=&#8221;default&#8221; global_colors_info=&#8221;{}&#8221;][et_pb_text _builder_version=&#8221;4.16&#8243; _module_preset=&#8221;default&#8221; text_font=&#8221;Open Sans||||||||&#8221; text_text_color=&#8221;#25436d&#8221; text_font_size=&#8221;17px&#8221; header_font=&#8221;Open Sans|300|||||||&#8221; header_text_align=&#8221;center&#8221; header_text_color=&#8221;#3f608e&#8221; header_font_size=&#8221;56px&#8221; header_2_font=&#8221;|300|||||||&#8221; header_2_text_color=&#8221;#25436D&#8221; header_2_font_size=&#8221;30px&#8221; header_2_line_height=&#8221;1.4em&#8221; text_orientation=&#8221;center&#8221; header_text_align_tablet=&#8221;left&#8221; header_text_align_phone=&#8221;&#8221; header_text_align_last_edited=&#8221;on|desktop&#8221; header_font_size_tablet=&#8221;38px&#8221; header_font_size_phone=&#8221;32px&#8221; header_font_size_last_edited=&#8221;on|desktop&#8221; header_2_font_size_tablet=&#8221;24px&#8221; header_2_font_size_phone=&#8221;20px&#8221; header_2_font_size_last_edited=&#8221;on|phone&#8221; header_2_line_height_tablet=&#8221;1.5em&#8221; header_2_line_height_phone=&#8221;&#8221; header_2_line_height_last_edited=&#8221;on|tablet&#8221; text_orientation_tablet=&#8221;left&#8221; text_orientation_phone=&#8221;&#8221; text_orientation_last_edited=&#8221;on|tablet&#8221; global_colors_info=&#8221;{}&#8221;]<\/p>\n<h1> Conformitate <\/h1>\n<h2>Un subiect la care \u021binem foarte mult<br \/>\n<\/h2>\n<p>[\/et_pb_text][\/et_pb_column][\/et_pb_row][\/et_pb_section][et_pb_section fb_built=&#8221;1&#8243; next_background_color=&#8221;#ffffff&#8221; _builder_version=&#8221;4.16&#8243; _module_preset=&#8221;default&#8221; background_color=&#8221;#faf9ff&#8221; custom_padding=&#8221;||100px||false|false&#8221; bottom_divider_style=&#8221;wave2&#8243; bottom_divider_height=&#8221;60px&#8221; bottom_divider_flip=&#8221;horizontal&#8221; bottom_divider_height_tablet=&#8221;&#8221; bottom_divider_height_phone=&#8221;&#8221; bottom_divider_height_last_edited=&#8221;on|tablet&#8221; da_disable_devices=&#8221;off|off|off&#8221; global_colors_info=&#8221;{}&#8221; da_is_popup=&#8221;off&#8221; da_exit_intent=&#8221;off&#8221; da_has_close=&#8221;on&#8221; da_alt_close=&#8221;off&#8221; da_dark_close=&#8221;off&#8221; da_not_modal=&#8221;on&#8221; da_is_singular=&#8221;off&#8221; da_with_loader=&#8221;off&#8221; da_has_shadow=&#8221;on&#8221;][et_pb_row _builder_version=&#8221;4.16&#8243; _module_preset=&#8221;default&#8221; width=&#8221;70%&#8221; global_colors_info=&#8221;{}&#8221;][et_pb_column type=&#8221;4_4&#8243; _builder_version=&#8221;4.16&#8243; _module_preset=&#8221;default&#8221; global_colors_info=&#8221;{}&#8221;][et_pb_text quote_border_weight=&#8221;3px&#8221; quote_border_color=&#8221;#7C9048&#8243; _builder_version=&#8221;4.16&#8243; _module_preset=&#8221;default&#8221; text_font=&#8221;||||||||&#8221; text_text_color=&#8221;#3F608E&#8221; text_font_size=&#8221;17px&#8221; quote_font=&#8221;Open Sans||||||||&#8221; quote_font_size=&#8221;20px&#8221; global_colors_info=&#8221;{}&#8221;]<\/p>\n<blockquote><p>Securitatea documentelor \u0219i datelor dvs. este prioritatea noastr\u0103 principal\u0103.<br \/>\n\u00cen fiecare zi ne str\u0103duim s\u0103 respect\u0103m cele mai \u00eenalte standarde \u0219i reglement\u0103ri.<\/p><\/blockquote>\n<p>[\/et_pb_text][\/et_pb_column][\/et_pb_row][et_pb_row column_structure=&#8221;2_3,1_3&#8243; _builder_version=&#8221;4.16&#8243; _module_preset=&#8221;default&#8221; custom_css_main_element=&#8221;display: flex !important;||align-items: center !important;&#8221; global_colors_info=&#8221;{}&#8221; custom_css_main_element_last_edited=&#8221;on|tablet&#8221; custom_css_main_element_tablet=&#8221;display: block !important;&#8221; custom_css_main_element_phone=&#8221;display: block !important;&#8221;][et_pb_column type=&#8221;2_3&#8243; _builder_version=&#8221;4.16&#8243; _module_preset=&#8221;default&#8221; global_colors_info=&#8221;{}&#8221;][et_pb_text _builder_version=&#8221;4.16&#8243; _module_preset=&#8221;default&#8221; text_font=&#8221;||||||||&#8221; text_text_color=&#8221;#3F608E&#8221; text_font_size=&#8221;16px&#8221; link_text_color=&#8221;#7C9048&#8243; header_3_font=&#8221;Work Sans|300|||||||&#8221; header_3_text_align=&#8221;left&#8221; header_3_text_color=&#8221;#3F608E&#8221; header_3_font_size=&#8221;44px&#8221; header_3_text_align_tablet=&#8221;left&#8221; header_3_text_align_phone=&#8221;&#8221; header_3_text_align_last_edited=&#8221;on|tablet&#8221; header_3_font_size_tablet=&#8221;40px&#8221; header_3_font_size_phone=&#8221;30px&#8221; header_3_font_size_last_edited=&#8221;on|desktop&#8221; text_orientation_tablet=&#8221;left&#8221; text_orientation_phone=&#8221;&#8221; text_orientation_last_edited=&#8221;on|desktop&#8221; global_colors_info=&#8221;{}&#8221;]<\/p>\n<h3>RGPD<\/h3>\n<p style=\"text-align: justify;\">\u00cencep\u00e2nd cu 25 mai 2018, Regulamentul general privind protec\u021bia datelor sau GDPR este \u00een vigoare \u00een toate statele membre ale UE.<\/p>\n<p style=\"text-align: justify;\">Directiva UE privind protec\u021bia datelor se aplic\u0103 tuturor companiilor care prelucreaz\u0103 date cu caracter personal ale cet\u0103\u021benilor UE (adic\u0103 toate datele care permit identificarea unei persoane).<\/p>\n<p style=\"text-align: justify;\">\u00cen fiecare zi, organiza\u021bia \u0219i solu\u021biile tehnice pe care le implement\u0103m permit LiveConsent s\u0103 fie \u00een conformitate cu cerin\u021bele GDPR.<\/p>\n<p style=\"text-align: justify;\"><a href=\"https:\/\/liveconsent.123boost.com\/politique-de-confidentialite\/\">Afla\u021bi mai multe<\/a><\/p>\n<p>[\/et_pb_text][\/et_pb_column][et_pb_column type=&#8221;1_3&#8243; disabled_on=&#8221;off|off|off&#8221; _builder_version=&#8221;4.16&#8243; _module_preset=&#8221;default&#8221; global_colors_info=&#8221;{}&#8221;][et_pb_image src=&#8221;https:\/\/liveconsent.123boost.com\/wp-content\/uploads\/2020\/06\/FotoliaComp_202411642_qVL84FLIGaSzd5hyJChEIFwpS7eqacLH_NW40.jpg&#8221; title_text=&#8221;RGPD &#8211; Rglement Gnral de la Protection des Donnes&#8221; _builder_version=&#8221;4.16&#8243; _module_preset=&#8221;default&#8221; box_shadow_style=&#8221;preset2&#8243; global_colors_info=&#8221;{}&#8221;][\/et_pb_image][\/et_pb_column][\/et_pb_row][\/et_pb_section][et_pb_section fb_built=&#8221;1&#8243; _builder_version=&#8221;4.16&#8243; _module_preset=&#8221;default&#8221; background_enable_color=&#8221;off&#8221; custom_padding=&#8221;||100px||false|false&#8221; bottom_divider_height=&#8221;60px&#8221; bottom_divider_flip=&#8221;horizontal&#8221; bottom_divider_height_tablet=&#8221;&#8221; bottom_divider_height_phone=&#8221;&#8221; bottom_divider_height_last_edited=&#8221;on|tablet&#8221; da_disable_devices=&#8221;off|off|off&#8221; global_colors_info=&#8221;{}&#8221; da_is_popup=&#8221;off&#8221; da_exit_intent=&#8221;off&#8221; da_has_close=&#8221;on&#8221; da_alt_close=&#8221;off&#8221; da_dark_close=&#8221;off&#8221; da_not_modal=&#8221;on&#8221; da_is_singular=&#8221;off&#8221; da_with_loader=&#8221;off&#8221; da_has_shadow=&#8221;on&#8221;][et_pb_row column_structure=&#8221;2_3,1_3&#8243; _builder_version=&#8221;4.16&#8243; _module_preset=&#8221;default&#8221; custom_css_main_element=&#8221;display: flex !important;||align-items: center !important;&#8221; global_colors_info=&#8221;{}&#8221; custom_css_main_element_last_edited=&#8221;on|tablet&#8221; custom_css_main_element_tablet=&#8221;display: block !important;&#8221; custom_css_main_element_phone=&#8221;display: block !important;&#8221;][et_pb_column type=&#8221;2_3&#8243; _builder_version=&#8221;4.16&#8243; _module_preset=&#8221;default&#8221; global_colors_info=&#8221;{}&#8221;][et_pb_text _builder_version=&#8221;4.16&#8243; _module_preset=&#8221;default&#8221; text_font=&#8221;||||||||&#8221; text_text_color=&#8221;#3F608E&#8221; text_font_size=&#8221;16px&#8221; link_text_color=&#8221;#7C9048&#8243; header_3_font=&#8221;Work Sans|300|||||||&#8221; header_3_text_align=&#8221;left&#8221; header_3_text_color=&#8221;#3F608E&#8221; header_3_font_size=&#8221;44px&#8221; header_3_text_align_tablet=&#8221;left&#8221; header_3_text_align_phone=&#8221;&#8221; header_3_text_align_last_edited=&#8221;on|tablet&#8221; header_3_font_size_tablet=&#8221;40px&#8221; header_3_font_size_phone=&#8221;30px&#8221; header_3_font_size_last_edited=&#8221;on|desktop&#8221; text_orientation_tablet=&#8221;left&#8221; text_orientation_phone=&#8221;&#8221; text_orientation_last_edited=&#8221;on|desktop&#8221; global_colors_info=&#8221;{}&#8221;]<\/p>\n<h3>eIDAS<\/h3>\n<p style=\"text-align: justify;\">eIDAS este abrevierea pentru Regulamentul (UE) nr. 910\/2014 privind identificarea electronic\u0103 \u0219i serviciile de \u00eencredere pentru tranzac\u021biile electronice pe pia\u021ba intern\u0103. Acesta este un regulament european care a intrat \u00een vigoare la 1 iulie 2016.<\/p>\n<p style=\"text-align: justify;\">LiveConsent este o solu\u021bie avansat\u0103 de semn\u0103tur\u0103 electronic\u0103 care respect\u0103 Regulamentul eIDAS.<\/p>\n<p style=\"text-align: justify;\">Documentele electronice semnate prin LiveConsent sunt admise \u00een instan\u021b\u0103 precum echivalentele lor pe h\u00e2rtie.<\/p>\n<p style=\"text-align: justify;\"><a href=\"https:\/\/eur-lex.europa.eu\/legal-content\/FR\/TXT\/?uri=celex%3A32014R0910\" target=\"_blank\" rel=\"noopener noreferrer\">Afla\u021bi mai multe<\/a><\/p>\n<p>[\/et_pb_text][\/et_pb_column][et_pb_column type=&#8221;1_3&#8243; disabled_on=&#8221;off|off|off&#8221; _builder_version=&#8221;4.16&#8243; _module_preset=&#8221;default&#8221; global_colors_info=&#8221;{}&#8221;][et_pb_image src=&#8221;https:\/\/liveconsent.123boost.com\/wp-content\/uploads\/2020\/06\/logo-eidas-sellandsign.png&#8221; title_text=&#8221;logo-eidas-sellandsign&#8221; _builder_version=&#8221;4.16&#8243; _module_preset=&#8221;default&#8221; global_colors_info=&#8221;{}&#8221;][\/et_pb_image][\/et_pb_column][\/et_pb_row][\/et_pb_section][et_pb_section fb_built=&#8221;1&#8243; disabled_on=&#8221;on|on|off&#8221; _builder_version=&#8221;4.16&#8243; _module_preset=&#8221;default&#8221; background_color=&#8221;#faf9ff&#8221; custom_margin=&#8221;||||false|false&#8221; custom_padding=&#8221;10px||10px||true|false&#8221; top_divider_style=&#8221;wave2&#8243; top_divider_color=&#8221;#ffffff&#8221; top_divider_height=&#8221;60px&#8221; bottom_divider_style=&#8221;wave2&#8243; bottom_divider_color=&#8221;#3F608E&#8221; bottom_divider_height=&#8221;60px&#8221; da_disable_devices=&#8221;off|off|off&#8221; global_colors_info=&#8221;{}&#8221; da_is_popup=&#8221;off&#8221; da_exit_intent=&#8221;off&#8221; da_has_close=&#8221;on&#8221; da_alt_close=&#8221;off&#8221; da_dark_close=&#8221;off&#8221; da_not_modal=&#8221;on&#8221; da_is_singular=&#8221;off&#8221; da_with_loader=&#8221;off&#8221; da_has_shadow=&#8221;on&#8221;][et_pb_row column_structure=&#8221;2_3,1_3&#8243; _builder_version=&#8221;4.16&#8243; _module_preset=&#8221;default&#8221; width=&#8221;90%&#8221; custom_margin=&#8221;50px||100px||false|false&#8221; custom_padding=&#8221;||||true|false&#8221; custom_css_main_element=&#8221;display: flex !important;||align-items: center !important;&#8221; global_colors_info=&#8221;{}&#8221;][et_pb_column type=&#8221;2_3&#8243; _builder_version=&#8221;4.16&#8243; _module_preset=&#8221;default&#8221; global_colors_info=&#8221;{}&#8221;][et_pb_text _builder_version=&#8221;4.16&#8243; _module_preset=&#8221;96505f29-1946-4276-887b-9d5c77dff02d&#8221; text_text_color=&#8221;#3F608E&#8221; global_colors_info=&#8221;{}&#8221;]Vrei s\u0103 afli mai multe ?[\/et_pb_text][\/et_pb_column][et_pb_column type=&#8221;1_3&#8243; _builder_version=&#8221;4.16&#8243; _module_preset=&#8221;default&#8221; global_colors_info=&#8221;{}&#8221;][et_pb_button button_url=&#8221;\/ro\/contacteaza-ne\/#formulaire-contact&#8221; button_text=&#8221;Contacteaz\u0103-ne&#8221; button_alignment=&#8221;right&#8221; _builder_version=&#8221;4.16&#8243; _module_preset=&#8221;default&#8221; custom_button=&#8221;on&#8221; button_text_size=&#8221;18px&#8221; button_text_color=&#8221;#FFFFFF&#8221; button_bg_color=&#8221;#7c9048&#8243; button_border_width=&#8221;0px&#8221; button_border_radius=&#8221;5px&#8221; button_font=&#8221;Work Sans||||||||&#8221; button_use_icon=&#8221;off&#8221; box_shadow_style=&#8221;preset2&#8243; global_colors_info=&#8221;{}&#8221; button_bg_color__hover_enabled=&#8221;on|hover&#8221; button_bg_color__hover=&#8221;#b9c890&#8243; button_bg_enable_color__hover=&#8221;on&#8221; button_text_color__hover_enabled=&#8221;on|hover&#8221; button_text_color__hover=&#8221;#000000&#8243;][\/et_pb_button][\/et_pb_column][\/et_pb_row][\/et_pb_section][et_pb_section fb_built=&#8221;1&#8243; disabled_on=&#8221;off|off|on&#8221; _builder_version=&#8221;4.16&#8243; _module_preset=&#8221;default&#8221; background_color=&#8221;#faf9ff&#8221; custom_margin=&#8221;||||false|false&#8221; custom_padding=&#8221;10px||10px||true|false&#8221; top_divider_style=&#8221;wave2&#8243; top_divider_color=&#8221;#faf9ff&#8221; top_divider_height=&#8221;30px&#8221; bottom_divider_style=&#8221;wave2&#8243; bottom_divider_color=&#8221;#3F608E&#8221; bottom_divider_height=&#8221;30px&#8221; da_disable_devices=&#8221;off|off|off&#8221; global_colors_info=&#8221;{}&#8221; da_is_popup=&#8221;off&#8221; da_exit_intent=&#8221;off&#8221; da_has_close=&#8221;on&#8221; da_alt_close=&#8221;off&#8221; da_dark_close=&#8221;off&#8221; da_not_modal=&#8221;on&#8221; da_is_singular=&#8221;off&#8221; da_with_loader=&#8221;off&#8221; da_has_shadow=&#8221;on&#8221;][et_pb_row _builder_version=&#8221;4.16&#8243; _module_preset=&#8221;default&#8221; width=&#8221;90%&#8221; custom_css_main_element=&#8221;display: flex !important;||align-items: center !important;&#8221; global_colors_info=&#8221;{}&#8221;][et_pb_column type=&#8221;4_4&#8243; _builder_version=&#8221;4.16&#8243; _module_preset=&#8221;default&#8221; global_colors_info=&#8221;{}&#8221;][et_pb_text _builder_version=&#8221;4.16&#8243; _module_preset=&#8221;96505f29-1946-4276-887b-9d5c77dff02d&#8221; text_text_color=&#8221;#3F608E&#8221; global_colors_info=&#8221;{}&#8221;]Vrei s\u0103 afli mai multe ?[\/et_pb_text][et_pb_button button_url=&#8221;\/ro\/contacteaza-ne\/#formulaire-contact&#8221; button_text=&#8221;Contacteaz\u0103-ne&#8221; button_alignment=&#8221;right&#8221; _builder_version=&#8221;4.16&#8243; _module_preset=&#8221;default&#8221; custom_button=&#8221;on&#8221; button_text_size=&#8221;18px&#8221; button_text_color=&#8221;#FFFFFF&#8221; button_bg_color=&#8221;#7c9048&#8243; button_border_width=&#8221;0px&#8221; button_border_radius=&#8221;5px&#8221; button_font=&#8221;Work Sans||||||||&#8221; button_use_icon=&#8221;off&#8221; box_shadow_style=&#8221;preset2&#8243; global_colors_info=&#8221;{}&#8221; button_bg_color__hover_enabled=&#8221;on|hover&#8221; button_bg_color__hover=&#8221;#b9c890&#8243; button_bg_enable_color__hover=&#8221;on&#8221; button_text_color__hover_enabled=&#8221;on|hover&#8221; button_text_color__hover=&#8221;#000000&#8243;][\/et_pb_button][\/et_pb_column][\/et_pb_row][\/et_pb_section]<\/p>\n","protected":false},"excerpt":{"rendered":"<p>Conformitate Un subiect la care \u021binem foarte mult Securitatea documentelor \u0219i datelor dvs. este prioritatea noastr\u0103 principal\u0103. \u00cen fiecare zi ne str\u0103duim s\u0103 respect\u0103m cele mai \u00eenalte standarde \u0219i reglement\u0103ri.RGPD \u00cencep\u00e2nd cu 25 mai 2018, Regulamentul general privind protec\u021bia datelor sau GDPR este \u00een vigoare \u00een toate statele membre ale UE. Directiva UE privind protec\u021bia [&hellip;]<\/p>\n","protected":false},"author":1,"featured_media":9342,"parent":0,"menu_order":0,"comment_status":"closed","ping_status":"closed","template":"","meta":{"_et_pb_use_builder":"on","_et_pb_old_content":"","_et_gb_content_width":"","footnotes":""},"class_list":["post-3295","page","type-page","status-publish","has-post-thumbnail","hentry"],"yoast_head":"<!-- This site is optimized with the Yoast SEO plugin v25.8 - https:\/\/yoast.com\/wordpress\/plugins\/seo\/ -->\n<title>Conformitatea este un subiect care conteaz\u0103 pentru noi!<\/title>\n<meta name=\"description\" content=\"Datele dvs. sunt prioritatea noastr\u0103: \u00een fiecare zi ne str\u0103duim s\u0103 respect\u0103m cele mai \u00eenalte standarde \u0219i reglement\u0103ri.\" \/>\n<meta name=\"robots\" content=\"noindex, follow, max-snippet:-1, max-image-preview:large, max-video-preview:-1\" \/>\n<meta property=\"og:locale\" content=\"ro_RO\" \/>\n<meta property=\"og:type\" content=\"article\" \/>\n<meta property=\"og:title\" content=\"Conformitatea este un subiect care conteaz\u0103 pentru noi!\" \/>\n<meta property=\"og:description\" content=\"Datele dvs. sunt prioritatea noastr\u0103: \u00een fiecare zi ne str\u0103duim s\u0103 respect\u0103m cele mai \u00eenalte standarde \u0219i reglement\u0103ri.\" \/>\n<meta property=\"og:url\" content=\"https:\/\/liveconsent.123boost.com\/ro\/conformitate\/\" \/>\n<meta property=\"og:site_name\" content=\"LiveConsent\" \/>\n<meta property=\"article:modified_time\" content=\"2023-04-12T22:02:52+00:00\" \/>\n<meta property=\"og:image\" content=\"https:\/\/liveconsent.123boost.com\/wp-content\/uploads\/2022\/03\/side-view-of-businesswoman-using-smartphone-at-wor-2022-02-03-10-57-48-utc.jpg\" \/>\n\t<meta property=\"og:image:width\" content=\"1200\" \/>\n\t<meta property=\"og:image:height\" content=\"801\" \/>\n\t<meta property=\"og:image:type\" content=\"image\/jpeg\" \/>\n<meta name=\"twitter:card\" content=\"summary_large_image\" \/>\n<meta name=\"twitter:label1\" content=\"Timp estimat pentru citire\" \/>\n\t<meta name=\"twitter:data1\" content=\"8 minute\" \/>\n<script type=\"application\/ld+json\" class=\"yoast-schema-graph\">{\"@context\":\"https:\/\/schema.org\",\"@graph\":[{\"@type\":\"WebPage\",\"@id\":\"https:\/\/liveconsent.123boost.com\/ro\/conformitate\/\",\"url\":\"https:\/\/liveconsent.123boost.com\/ro\/conformitate\/\",\"name\":\"Conformitatea este un subiect care conteaz\u0103 pentru noi!\",\"isPartOf\":{\"@id\":\"https:\/\/liveconsent.123boost.com\/ro\/#website\"},\"primaryImageOfPage\":{\"@id\":\"https:\/\/liveconsent.123boost.com\/ro\/conformitate\/#primaryimage\"},\"image\":{\"@id\":\"https:\/\/liveconsent.123boost.com\/ro\/conformitate\/#primaryimage\"},\"thumbnailUrl\":\"https:\/\/liveconsent.123boost.com\/wp-content\/uploads\/2022\/03\/side-view-of-businesswoman-using-smartphone-at-wor-2022-02-03-10-57-48-utc.jpg\",\"datePublished\":\"2020-09-20T16:43:25+00:00\",\"dateModified\":\"2023-04-12T22:02:52+00:00\",\"description\":\"Datele dvs. sunt prioritatea noastr\u0103: \u00een fiecare zi ne str\u0103duim s\u0103 respect\u0103m cele mai \u00eenalte standarde \u0219i reglement\u0103ri.\",\"breadcrumb\":{\"@id\":\"https:\/\/liveconsent.123boost.com\/ro\/conformitate\/#breadcrumb\"},\"inLanguage\":\"ro-RO\",\"potentialAction\":[{\"@type\":\"ReadAction\",\"target\":[\"https:\/\/liveconsent.123boost.com\/ro\/conformitate\/\"]}]},{\"@type\":\"ImageObject\",\"inLanguage\":\"ro-RO\",\"@id\":\"https:\/\/liveconsent.123boost.com\/ro\/conformitate\/#primaryimage\",\"url\":\"https:\/\/liveconsent.123boost.com\/wp-content\/uploads\/2022\/03\/side-view-of-businesswoman-using-smartphone-at-wor-2022-02-03-10-57-48-utc.jpg\",\"contentUrl\":\"https:\/\/liveconsent.123boost.com\/wp-content\/uploads\/2022\/03\/side-view-of-businesswoman-using-smartphone-at-wor-2022-02-03-10-57-48-utc.jpg\",\"width\":1200,\"height\":801,\"caption\":\"side view of businesswoman using smartphone at workplace in office, gdpr cyber security concept\"},{\"@type\":\"BreadcrumbList\",\"@id\":\"https:\/\/liveconsent.123boost.com\/ro\/conformitate\/#breadcrumb\",\"itemListElement\":[{\"@type\":\"ListItem\",\"position\":1,\"name\":\"Accueil\",\"item\":\"https:\/\/liveconsent.123boost.com\/ro\/\"},{\"@type\":\"ListItem\",\"position\":2,\"name\":\"Conformitate\"}]},{\"@type\":\"WebSite\",\"@id\":\"https:\/\/liveconsent.123boost.com\/ro\/#website\",\"url\":\"https:\/\/liveconsent.123boost.com\/ro\/\",\"name\":\"LiveConsent\",\"description\":\"Signature \u00c9lectronique\",\"potentialAction\":[{\"@type\":\"SearchAction\",\"target\":{\"@type\":\"EntryPoint\",\"urlTemplate\":\"https:\/\/liveconsent.123boost.com\/ro\/?s={search_term_string}\"},\"query-input\":{\"@type\":\"PropertyValueSpecification\",\"valueRequired\":true,\"valueName\":\"search_term_string\"}}],\"inLanguage\":\"ro-RO\"}]}<\/script>\n<!-- \/ Yoast SEO plugin. -->","yoast_head_json":{"title":"Conformitatea este un subiect care conteaz\u0103 pentru noi!","description":"Datele dvs. sunt prioritatea noastr\u0103: \u00een fiecare zi ne str\u0103duim s\u0103 respect\u0103m cele mai \u00eenalte standarde \u0219i reglement\u0103ri.","robots":{"index":"noindex","follow":"follow","max-snippet":"max-snippet:-1","max-image-preview":"max-image-preview:large","max-video-preview":"max-video-preview:-1"},"og_locale":"ro_RO","og_type":"article","og_title":"Conformitatea este un subiect care conteaz\u0103 pentru noi!","og_description":"Datele dvs. sunt prioritatea noastr\u0103: \u00een fiecare zi ne str\u0103duim s\u0103 respect\u0103m cele mai \u00eenalte standarde \u0219i reglement\u0103ri.","og_url":"https:\/\/liveconsent.123boost.com\/ro\/conformitate\/","og_site_name":"LiveConsent","article_modified_time":"2023-04-12T22:02:52+00:00","og_image":[{"width":1200,"height":801,"url":"https:\/\/liveconsent.123boost.com\/wp-content\/uploads\/2022\/03\/side-view-of-businesswoman-using-smartphone-at-wor-2022-02-03-10-57-48-utc.jpg","type":"image\/jpeg"}],"twitter_card":"summary_large_image","twitter_misc":{"Timp estimat pentru citire":"8 minute"},"schema":{"@context":"https:\/\/schema.org","@graph":[{"@type":"WebPage","@id":"https:\/\/liveconsent.123boost.com\/ro\/conformitate\/","url":"https:\/\/liveconsent.123boost.com\/ro\/conformitate\/","name":"Conformitatea este un subiect care conteaz\u0103 pentru noi!","isPartOf":{"@id":"https:\/\/liveconsent.123boost.com\/ro\/#website"},"primaryImageOfPage":{"@id":"https:\/\/liveconsent.123boost.com\/ro\/conformitate\/#primaryimage"},"image":{"@id":"https:\/\/liveconsent.123boost.com\/ro\/conformitate\/#primaryimage"},"thumbnailUrl":"https:\/\/liveconsent.123boost.com\/wp-content\/uploads\/2022\/03\/side-view-of-businesswoman-using-smartphone-at-wor-2022-02-03-10-57-48-utc.jpg","datePublished":"2020-09-20T16:43:25+00:00","dateModified":"2023-04-12T22:02:52+00:00","description":"Datele dvs. sunt prioritatea noastr\u0103: \u00een fiecare zi ne str\u0103duim s\u0103 respect\u0103m cele mai \u00eenalte standarde \u0219i reglement\u0103ri.","breadcrumb":{"@id":"https:\/\/liveconsent.123boost.com\/ro\/conformitate\/#breadcrumb"},"inLanguage":"ro-RO","potentialAction":[{"@type":"ReadAction","target":["https:\/\/liveconsent.123boost.com\/ro\/conformitate\/"]}]},{"@type":"ImageObject","inLanguage":"ro-RO","@id":"https:\/\/liveconsent.123boost.com\/ro\/conformitate\/#primaryimage","url":"https:\/\/liveconsent.123boost.com\/wp-content\/uploads\/2022\/03\/side-view-of-businesswoman-using-smartphone-at-wor-2022-02-03-10-57-48-utc.jpg","contentUrl":"https:\/\/liveconsent.123boost.com\/wp-content\/uploads\/2022\/03\/side-view-of-businesswoman-using-smartphone-at-wor-2022-02-03-10-57-48-utc.jpg","width":1200,"height":801,"caption":"side view of businesswoman using smartphone at workplace in office, gdpr cyber security concept"},{"@type":"BreadcrumbList","@id":"https:\/\/liveconsent.123boost.com\/ro\/conformitate\/#breadcrumb","itemListElement":[{"@type":"ListItem","position":1,"name":"Accueil","item":"https:\/\/liveconsent.123boost.com\/ro\/"},{"@type":"ListItem","position":2,"name":"Conformitate"}]},{"@type":"WebSite","@id":"https:\/\/liveconsent.123boost.com\/ro\/#website","url":"https:\/\/liveconsent.123boost.com\/ro\/","name":"LiveConsent","description":"Signature \u00c9lectronique","potentialAction":[{"@type":"SearchAction","target":{"@type":"EntryPoint","urlTemplate":"https:\/\/liveconsent.123boost.com\/ro\/?s={search_term_string}"},"query-input":{"@type":"PropertyValueSpecification","valueRequired":true,"valueName":"search_term_string"}}],"inLanguage":"ro-RO"}]}},"_links":{"self":[{"href":"https:\/\/liveconsent.123boost.com\/ro\/wp-json\/wp\/v2\/pages\/3295","targetHints":{"allow":["GET"]}}],"collection":[{"href":"https:\/\/liveconsent.123boost.com\/ro\/wp-json\/wp\/v2\/pages"}],"about":[{"href":"https:\/\/liveconsent.123boost.com\/ro\/wp-json\/wp\/v2\/types\/page"}],"author":[{"embeddable":true,"href":"https:\/\/liveconsent.123boost.com\/ro\/wp-json\/wp\/v2\/users\/1"}],"replies":[{"embeddable":true,"href":"https:\/\/liveconsent.123boost.com\/ro\/wp-json\/wp\/v2\/comments?post=3295"}],"version-history":[{"count":10,"href":"https:\/\/liveconsent.123boost.com\/ro\/wp-json\/wp\/v2\/pages\/3295\/revisions"}],"predecessor-version":[{"id":12688,"href":"https:\/\/liveconsent.123boost.com\/ro\/wp-json\/wp\/v2\/pages\/3295\/revisions\/12688"}],"wp:featuredmedia":[{"embeddable":true,"href":"https:\/\/liveconsent.123boost.com\/ro\/wp-json\/wp\/v2\/media\/9342"}],"wp:attachment":[{"href":"https:\/\/liveconsent.123boost.com\/ro\/wp-json\/wp\/v2\/media?parent=3295"}],"curies":[{"name":"wp","href":"https:\/\/api.w.org\/{rel}","templated":true}]}}